{"id":5638,"date":"2018-06-21T10:38:17","date_gmt":"2018-06-21T08:38:17","guid":{"rendered":"https:\/\/www.mcemetrology.com\/?page_id=5638"},"modified":"2018-06-21T10:38:17","modified_gmt":"2018-06-21T08:38:17","slug":"legal-notice","status":"publish","type":"page","link":"https:\/\/www.mcemetrology.com\/en\/legal-notice\/","title":{"rendered":"Legal Notice"},"content":{"rendered":"<p>[vc_row full_width=&#8221;stretch_row&#8221; css=&#8221;.vc_custom_1519304430290{padding-top: 80px !important;padding-bottom: 100px !important;background-image: url(https:\/\/www.mcemetrology.com\/wp-content\/uploads\/2018\/02\/climpek.png?id=4783) !important;background-position: 0 0 !important;background-repeat: repeat !important;}&#8221;][vc_column]<div id=\"ultimate-heading-376969ddfc9e02bce\" class=\"uvc-heading ult-adjust-bottom-margin ultimate-heading-376969ddfc9e02bce uvc-8869 \" data-hspacer=\"image_only\"  data-halign=\"center\" style=\"text-align:center\"><div class=\"uvc-heading-spacer image_only\" style=\"margin-bottom:60px;\"><img src=\"https:\/\/www.mcemetrology.com\/wp-content\/uploads\/2018\/01\/s\u00e9parateur-3.png\" class=\"ultimate-headings-icon-image\" alt=\"null\" style=\"width:149px\"\/><\/div><\/div>[vc_row_inner][vc_column_inner width=&#8221;1\/6&#8243;][\/vc_column_inner][vc_column_inner width=&#8221;2\/3&#8243;]<div id=\"ultimate-heading-311869ddfc9e02c26\" class=\"uvc-heading ult-adjust-bottom-margin ultimate-heading-311869ddfc9e02c26 uvc-5247 \" data-hspacer=\"no_spacer\"  data-halign=\"center\" style=\"text-align:center\"><div class=\"uvc-heading-spacer no_spacer\" style=\"top\"><\/div><div class=\"uvc-main-heading ult-responsive\"  data-ultimate-target='.uvc-heading.ultimate-heading-311869ddfc9e02c26 h2'  data-responsive-json-new='{\"font-size\":\"desktop:26px;\",\"line-height\":\"desktop:36px;\"}' ><h2 style=\"font-weight:bold;margin-bottom:20px;\">Legal Notice<\/h2><\/div><div class=\"uvc-sub-heading ult-responsive\"  data-ultimate-target='.uvc-heading.ultimate-heading-311869ddfc9e02c26 .uvc-sub-heading '  data-responsive-json-new='{\"font-size\":\"\",\"line-height\":\"desktop:26px;\"}'  style=\"font-weight:normal;margin-bottom:20px;\"><\/p>\n<h2>Responsable du site :<\/h2>\n<p>Le directeur de la publication est M. Kevin COMMUNOD, ayant la qualit\u00e9 de Responsable Marketing de la soci\u00e9t\u00e9 MCE Metrology.<\/p>\n<h3>Soci\u00e9t\u00e9<\/h3>\n<p>MCE METROLOGY Sas<br \/>\n155 RUE DE LA DENT D&#8217;OCHE<br \/>\n74500 PUBLIER<\/p>\n<p>+33 (0)4 50 71 21 63<\/p>\n<h2>H\u00e9bergement<\/h2>\n<p>VIADUC<br \/>\nSARL au capital de 200 000 Euros<br \/>\nimmatricul\u00e9e au Registre du Commerce et des Soci\u00e9t\u00e9s d\u2019Angers sous le num\u00e9ro 478 350 333 ANGERS<br \/>\nSi\u00e8ge social\u00a0 :<br \/>\n5 bis bd Foch<br \/>\n49100 Angers.<\/p>\n<h3>Cr\u00e9dits<\/h3>\n<p>Photos : MCE Metrology &#8211; Shutterstock &#8211; Pixabay &#8211; Unsplash<br \/>\nVid\u00e9os : Procomag<\/p>\n<h2>Cr\u00e9ation et Webdesign<\/h2>\n<p>Procomag Sarl<br \/>\nrue du Pr\u00e9-Bouvier 27<br \/>\n1242 SATIGNY \u2022 GENEVE \u2022 Suisse<\/p>\n<p><a href=\"http:\/\/www.procomag.ch\" target=\"_blank\" rel=\"noopener\">www.procomag.ch<\/a><\/p>\n<h2>Contenu du site<\/h2>\n<p>Kevin COMMUNOD se r\u00e9serve le droit de modifier et\/ou corriger, \u00e0 tout moment et sans pr\u00e9avis le contenu de son site. En outre, Kevin COMMUNOD d\u00e9cline toute responsabilit\u00e9 en cas de retard, d&#8217;erreur ou d&#8217;omission quant au contenu des pages du site de m\u00eame qu&#8217;en cas d&#8217;interruption ou de non-disponibilit\u00e9 du service pour quelques raisons que ce soit.<\/p>\n<p>Kevin COMMUNOD apporte n\u00e9anmoins tous ses efforts pour assurer l&#8217;exactitude de l&#8217;ensemble des informations mises \u00e0 la disposition des visiteurs sur son site sachant que celles-ci peuvent contenir des inexactitudes techniques ou des erreurs typographiques ou bien encore \u00eatre incompl\u00e8tes.<\/p>\n<p>Par cons\u00e9quent, Kevin COMMUNOD ne peut \u00eatre tenu pour responsable de toute d\u00e9cision prise sur la base d&#8217;une information contenue sur le site, ni de l&#8217;utilisation qui pourrait en \u00eatre faite par des tiers.<\/p>\n<p>L&#8217;acc\u00e8s aux produits et services pr\u00e9sent\u00e9s sur le site peut faire l&#8217;objet de restrictions \u00e0 l&#8217;\u00e9gard de certains pays. Il appartient donc \u00e0 toute personne int\u00e9ress\u00e9e de v\u00e9rifier pr\u00e9alablement aupr\u00e8s du contact g\u00e9n\u00e9ral ou local de Kevin COMMUNOD si elle est susceptible d&#8217;avoir acc\u00e8s aux produits ou services concern\u00e9s.<\/p>\n<h2>Loi informatique et libert\u00e9<\/h2>\n<p>Les informations recueillies font l\u2019objet d\u2019un traitement informatique destin\u00e9 \u00e0 notre fichier client. Les destinataires des donn\u00e9es sont Kevin COMMUNOD.<\/p>\n<p>Conform\u00e9ment \u00e0 la loi \u00ab informatique et libert\u00e9s \u00bb du 6 janvier 1978 modifi\u00e9e en 2004, vous b\u00e9n\u00e9ficiez d\u2019un droit d\u2019acc\u00e8s et de rectification aux informations qui vous concernent, que vous pouvez exercer en vous adressant par mail \u00e0 info@mcemetrology.com.<\/p>\n<p>Vous pouvez \u00e9galement, pour des motifs l\u00e9gitimes, vous opposer au traitement des donn\u00e9es vous concernant.<\/p>\n<h2>Protection des donn\u00e9es<\/h2>\n<p>Kevin COMMUNOD s&#8217;engage \u00e0 respecter la vie priv\u00e9e de tout utilisateur de son site Internet. Les donn\u00e9es personnelles (nom, adresse, t\u00e9l\u00e9phone, e-mail) ne sont collect\u00e9es qu&#8217;apr\u00e8s avoir \u00e9t\u00e9 fournies par l&#8217;utilisateur en toute connaissance de cause. Ces donn\u00e9es pourront \u00eatre stock\u00e9es pour une dur\u00e9e limit\u00e9e et \u00e9ventuellement r\u00e9utilis\u00e9es en interne par Kevin COMMUNOD \u00e0 des fins statistiques ou marketing. Les donn\u00e9es collect\u00e9es ne feront en aucun cas l&#8217;objet de cessions \u00e0 des organismes ou soci\u00e9t\u00e9s tiers.<\/p>\n<h2>Photographies et droits<\/h2>\n<p>Sauf mention contraire, toutes les photographies utilis\u00e9es dans ce site sont la propri\u00e9t\u00e9 de Kevin COMMUNOD.<\/p>\n<p>L&#8217;acc\u00e8s au site https:\/\/www.mcemetrology.com est gratuit. Les frais d&#8217;acc\u00e8s, d&#8217;utilisation du r\u00e9seau de t\u00e9l\u00e9communication ou autres sont \u00e0 la charge de l&#8217;utilisateur, selon les modalit\u00e9s fix\u00e9es par ses fournisseurs d&#8217;acc\u00e8s et op\u00e9rateurs de t\u00e9l\u00e9communications.<\/p>\n<h2>Propri\u00e9t\u00e9 intellectuelle :<\/h2>\n<p>Kevin COMMUNOD est propri\u00e9taire , ou titulaire des droits, de tous les \u00e9l\u00e9ments qui composent son site dont notamment les donn\u00e9es, dessins, graphiques, photos,&#8230;<\/p>\n<p>Toute reproduction, repr\u00e9sentation ou diffusion, totale ou partielle, du contenu de ce site par quelque proc\u00e9d\u00e9 que ce soit, sans l&#8217;autorisation expresse et pr\u00e9alable de la soci\u00e9t\u00e9 Kevin COMMUNOD est interdite, et constituerait une contrefa\u00e7on sanctionn\u00e9e par les articles L335-2 et suivants du Code de la Propri\u00e9t\u00e9 Intellectuelle.<\/p>\n<p>Les marques de l&#8217;\u00e9diteur du site et de ses partenaires, ainsi que les logos figurant sur celui-ci sont des marques d\u00e9pos\u00e9es. Toute reproduction totale ou partielle de ces marques ou de ces logos, effectu\u00e9e \u00e0 partir des \u00e9l\u00e9ments du site sans l&#8217;autorisation expresse et pr\u00e9alable de Kevin COMMUNOD est donc prohib\u00e9e au sens de l&#8217;article L713-2 du Code de la Propri\u00e9t\u00e9 Intellectuelle.<\/div><\/div>[\/vc_column_inner][vc_column_inner width=&#8221;1\/6&#8243;][\/vc_column_inner][\/vc_row_inner][\/vc_column][\/vc_row]<\/p>\n","protected":false},"excerpt":{"rendered":"<p>[vc_row full_width=&#8221;stretch_row&#8221; css=&#8221;.vc_custom_1519304430290{padding-top: 80px !important;padding-bottom: 100px !important;background-image: url(https:\/\/www.mcemetrology.com\/wp-content\/uploads\/2018\/02\/climpek.png?id=4783) !important;background-position: 0 0 !important;background-repeat: repeat !important;}&#8221;][vc_column][vc_row_inner][vc_column_inner width=&#8221;1\/6&#8243;][\/vc_column_inner][vc_column_inner width=&#8221;2\/3&#8243;][\/vc_column_inner][vc_column_inner width=&#8221;1\/6&#8243;][\/vc_column_inner][\/vc_row_inner][\/vc_column][\/vc_row]<\/p>\n","protected":false},"author":1,"featured_media":0,"parent":0,"menu_order":-200,"comment_status":"closed","ping_status":"closed","template":"","meta":{"content-type":""},"_links":{"self":[{"href":"https:\/\/www.mcemetrology.com\/en\/wp-json\/wp\/v2\/pages\/5638"}],"collection":[{"href":"https:\/\/www.mcemetrology.com\/en\/wp-json\/wp\/v2\/pages"}],"about":[{"href":"https:\/\/www.mcemetrology.com\/en\/wp-json\/wp\/v2\/types\/page"}],"author":[{"embeddable":true,"href":"https:\/\/www.mcemetrology.com\/en\/wp-json\/wp\/v2\/users\/1"}],"replies":[{"embeddable":true,"href":"https:\/\/www.mcemetrology.com\/en\/wp-json\/wp\/v2\/comments?post=5638"}],"version-history":[{"count":0,"href":"https:\/\/www.mcemetrology.com\/en\/wp-json\/wp\/v2\/pages\/5638\/revisions"}],"wp:attachment":[{"href":"https:\/\/www.mcemetrology.com\/en\/wp-json\/wp\/v2\/media?parent=5638"}],"curies":[{"name":"wp","href":"https:\/\/api.w.org\/{rel}","templated":true}]}}